{"id":605,"date":"2025-12-31T15:46:09","date_gmt":"2025-12-31T15:46:09","guid":{"rendered":"https:\/\/scholasapientiae.fr\/ss2\/?page_id=605"},"modified":"2025-12-31T15:48:05","modified_gmt":"2025-12-31T15:48:05","slug":"nous-contacter","status":"publish","type":"page","link":"https:\/\/scholasapientiae.fr\/ss2\/nous-contacter\/","title":{"rendered":"Nous contacter"},"content":{"rendered":"<div class='fluentform ff-default fluentform_wrapper_4 DIVscribere  ff_guten_block ffs_default_wrap'><form data-form_id=\"4\" id=\"fluentform_4\" class=\"frm-fluent-form fluent_form_4 ff-el-form-top ff_form_instance_4_1 ff-form-loading ffs_default\" data-form_instance=\"ff_form_instance_4_1\" method=\"POST\" ><fieldset  style=\"border: none!important;margin: 0!important;padding: 0!important;background-color: transparent!important;box-shadow: none!important;outline: none!important; min-inline-size: 100%;\">\n                    <legend class=\"ff_screen_reader_title\" style=\"display: block; margin: 0!important;padding: 0!important;height: 0!important;text-indent: -999999px;width: 0!important;overflow:hidden;\">Nous contacter<\/legend><input type='hidden' name='__fluent_form_embded_post_id' value='605' \/><input type=\"hidden\" id=\"_fluentform_4_fluentformnonce\" name=\"_fluentform_4_fluentformnonce\" value=\"7be578d282\" \/><input type=\"hidden\" name=\"_wp_http_referer\" value=\"\/ss2\/wp-json\/wp\/v2\/pages\/605\" \/><div class='ff-el-group  ff-custom_html Psynopsis' tabindex='-1' data-name=\"custom_html-4_1\" ><p><strong>Vous pouvez utiliser ce formulaire de contact pour toute demande. Les informations ci-dessous ne seront utilis\u00e9es que pour vous apporter une r\u00e9ponse.<\/strong><\/p><\/div><div data-type=\"name-element\" data-name=\"names\" class=\" ff-field_container ff-name-field-wrapper\" ><div class='ff-t-container'><div class='ff-t-cell '><div class='ff-el-group'><div class=\"ff-el-input--label ff-el-is-required asterisk-right\"><label for='ff_4_names_first_name_' >Nom :<\/label><\/div><div class='ff-el-input--content'><input type=\"text\" name=\"names[first_name]\" id=\"ff_4_names_first_name_\" class=\"ff-el-form-control\" placeholder=\"Nom\" aria-invalid=\"false\" aria-required=true><\/div><\/div><\/div><div class='ff-t-cell '><div class='ff-el-group'><div class=\"ff-el-input--label ff-el-is-required asterisk-right\"><label for='ff_4_names_last_name_' >Pr\u00e9nom :<\/label><\/div><div class='ff-el-input--content'><input type=\"text\" name=\"names[last_name]\" id=\"ff_4_names_last_name_\" class=\"ff-el-form-control\" placeholder=\"Pr\u00e9nom\" aria-invalid=\"false\" aria-required=true><\/div><\/div><\/div><\/div><\/div><div class='ff-el-group'><div class=\"ff-el-input--label ff-el-is-required asterisk-right\"><label for='ff_4_DirectioElectronica' aria-label=\"Courriel :\">Courriel :<\/label><\/div><div class='ff-el-input--content'><input type=\"email\" name=\"DirectioElectronica\" id=\"ff_4_DirectioElectronica\" class=\"ff-el-form-control\" placeholder=\"adresse@site.domaine\" data-name=\"DirectioElectronica\"  aria-invalid=\"false\" aria-required=true><\/div><\/div><div class='ff-el-group  ff-custom_html' tabindex='-1' data-name=\"custom_html-4_2\" ><p>Nous vous invitons \u00e0 ne nous pr\u00e9ciser votre num\u00e9ro de t\u00e9l\u00e9phone que dans le cas o\u00f9 vous souhaiteriz \u00eatre rappel\u00e9.<\/p><\/div><div class='ff-el-group'><div class=\"ff-el-input--label asterisk-right\"><label for='ff_4_NumerusTelephonicus' aria-label=\"T\u00e9l\u00e9phone :\">T\u00e9l\u00e9phone :<\/label><\/div><div class='ff-el-input--content'><input type=\"text\" name=\"NumerusTelephonicus\" class=\"ff-el-form-control\" placeholder=\"00.00.00.00.00\" maxlength=\"15\" data-name=\"NumerusTelephonicus\" id=\"ff_4_NumerusTelephonicus\"  aria-invalid=\"false\" aria-required=false><\/div><\/div><div class='ff-el-group'><div class=\"ff-el-input--label ff-el-is-required asterisk-right\"><label for='ff_4_Epistula' aria-label=\"Message :\">Message :<\/label><\/div><div class='ff-el-input--content'><textarea aria-invalid=\"false\" aria-required=true name=\"Epistula\" id=\"ff_4_Epistula\" class=\"ff-el-form-control\" placeholder=\"Your Message\" rows=\"5\" cols=\"2\" maxlength=\"3000\" data-name=\"Epistula\" ><\/textarea><\/div><\/div><div class='ff-el-group ff-text-right ff_submit_btn_wrapper'><button type=\"submit\" class=\"ff-btn ff-btn-submit ff-btn-md ff_btn_style\" >Valider le formulaire de contact<\/button><\/div><\/fieldset><\/form><div id='fluentform_4_errors' class='ff-errors-in-stack ff_form_instance_4_1 ff-form-loading_errors ff_form_instance_4_1_errors'><\/div><\/div>            <script type=\"text\/javascript\">\n                window.fluent_form_ff_form_instance_4_1 = {\"id\":\"4\",\"settings\":{\"layout\":{\"labelPlacement\":\"top\",\"asteriskPlacement\":\"asterisk-right\",\"helpMessagePlacement\":\"with_label\",\"errorMessagePlacement\":\"inline\",\"cssClassName\":\"\"},\"restrictions\":{\"denyEmptySubmission\":{\"enabled\":false}}},\"form_instance\":\"ff_form_instance_4_1\",\"form_id_selector\":\"fluentform_4\",\"rules\":{\"names[first_name]\":{\"required\":{\"value\":true,\"message\":\"Ce champ est obligatoire\",\"global\":true,\"global_message\":\"Ce champ est obligatoire\"}},\"names[middle_name]\":{\"required\":{\"value\":false,\"message\":\"Ce champ est obligatoire\",\"global\":true,\"global_message\":\"Ce champ est obligatoire\"}},\"names[last_name]\":{\"required\":{\"value\":true,\"message\":\"Ce champ est obligatoire\",\"global\":true,\"global_message\":\"Ce champ est obligatoire\"}},\"DirectioElectronica\":{\"required\":{\"value\":true,\"message\":\"Ce champ est obligatoire\",\"global\":true,\"global_message\":\"Ce champ est obligatoire\"},\"email\":{\"value\":true,\"message\":\"Ce champ doit contenir un e-mail valide\",\"global\":true,\"global_message\":\"Ce champ doit contenir un e-mail valide\"}},\"NumerusTelephonicus\":{\"required\":{\"value\":false,\"message\":\"Ce champ est obligatoire\",\"global_message\":\"Ce champ est obligatoire\",\"global\":true}},\"Epistula\":{\"required\":{\"value\":true,\"message\":\"Ce champ est obligatoire\",\"global\":true,\"global_message\":\"Ce champ est obligatoire\"}}},\"debounce_time\":300};\n                            <\/script>\n            ","protected":false},"excerpt":{"rendered":"","protected":false},"author":1,"featured_media":0,"parent":0,"menu_order":0,"comment_status":"closed","ping_status":"closed","template":"","meta":{"footnotes":""},"class_list":["post-605","page","type-page","status-publish","hentry"],"_hostinger_reach_plugin_has_subscription_block":false,"_hostinger_reach_plugin_is_elementor":false,"jetpack_sharing_enabled":true,"_links":{"self":[{"href":"https:\/\/scholasapientiae.fr\/ss2\/wp-json\/wp\/v2\/pages\/605","targetHints":{"allow":["GET"]}}],"collection":[{"href":"https:\/\/scholasapientiae.fr\/ss2\/wp-json\/wp\/v2\/pages"}],"about":[{"href":"https:\/\/scholasapientiae.fr\/ss2\/wp-json\/wp\/v2\/types\/page"}],"author":[{"embeddable":true,"href":"https:\/\/scholasapientiae.fr\/ss2\/wp-json\/wp\/v2\/users\/1"}],"replies":[{"embeddable":true,"href":"https:\/\/scholasapientiae.fr\/ss2\/wp-json\/wp\/v2\/comments?post=605"}],"version-history":[{"count":2,"href":"https:\/\/scholasapientiae.fr\/ss2\/wp-json\/wp\/v2\/pages\/605\/revisions"}],"predecessor-version":[{"id":607,"href":"https:\/\/scholasapientiae.fr\/ss2\/wp-json\/wp\/v2\/pages\/605\/revisions\/607"}],"wp:attachment":[{"href":"https:\/\/scholasapientiae.fr\/ss2\/wp-json\/wp\/v2\/media?parent=605"}],"curies":[{"name":"wp","href":"https:\/\/api.w.org\/{rel}","templated":true}]}}