{"id":626,"date":"2025-12-31T18:49:07","date_gmt":"2025-12-31T18:49:07","guid":{"rendered":"https:\/\/scholasapientiae.fr\/ss2\/?page_id=626"},"modified":"2026-01-05T18:27:33","modified_gmt":"2026-01-05T18:27:33","slug":"bibliotheque","status":"publish","type":"page","link":"https:\/\/scholasapientiae.fr\/ss2\/bibliotheque\/","title":{"rendered":"Biblioth\u00e8que"},"content":{"rendered":"\n<h2 class=\"wp-block-heading\">Annexes de nos ouvrages<\/h2>\n\n\n\n<p>Lire c&rsquo;est d\u00e9j\u00e0 bien, retenir c&rsquo;est encore mieux! Afin de tirer le meilleur de vos lectures, nous vous proposons des annexes plus compl\u00e8tes de l&rsquo;ensemble de nos ouvrages. Celles-ci sont r\u00e9guli\u00e8rement mises \u00e0 jour.<\/p>\n\n\n\n<p>Dans le cadre de nos&nbsp;<em>investigations scolastiques<\/em>, l&rsquo;ordre de classement suivi n&rsquo;est pas toujours d\u00e9finitif, et nous avons essay\u00e9 le plus souvent d&rsquo;indiquer par un code couleur les r\u00e9f\u00e9rences sur lesquels un doute se pr\u00e9sente\/p\u00e8se.<\/p>\n\n\n\n<h3 class=\"wp-block-heading\">Annexe I &#8211; Table logique des sciences<\/h3>\n\n\n\n<p>Nous avons organis\u00e9 les sciences et les id\u00e9es dont elles traitent selon leur ordre logique.<\/p>\n\n\n\n<p>Cette hi\u00e9rarchie peut facilement servir \u00e0 organiser ses propres connaissances et notes personnelles, ou sa biblioth\u00e8que par exemple.<\/p>\n\n\n\n<div class=\"wp-block-group is-nowrap is-layout-flex wp-container-core-group-is-layout-6c531013 wp-block-group-is-layout-flex\">\n<figure class=\"wp-block-image size-full\"><img loading=\"lazy\" decoding=\"async\" width=\"18\" height=\"18\" src=\"https:\/\/scholasapientiae.fr\/ss2\/wp-content\/uploads\/2026\/01\/iconPDF.gif\" alt=\"\" class=\"wp-image-743\"\/><\/figure>\n\n\n\n<p>&nbsp;<a href=\"https:\/\/scholasapientiae.fr\/ss2\/wp-content\/uploads\/2025\/12\/Annexe-I-Table-logique.pdf\" target=\"_blank\" rel=\"noreferrer noopener\">Annexe 1<\/a><\/p>\n<\/div>\n\n\n\n<h3 class=\"wp-block-heading\">Annexe II &#8211; Index alphab\u00e9tique<\/h3>\n\n\n\n<p>Voici l&rsquo;index alphab\u00e9tique de l&rsquo;ensemble des ouvrages \u00e9dit\u00e9s par nos soins.<\/p>\n\n\n\n<div class=\"wp-block-group is-nowrap is-layout-flex wp-container-core-group-is-layout-6c531013 wp-block-group-is-layout-flex\">\n<figure class=\"wp-block-image size-full\"><img loading=\"lazy\" decoding=\"async\" width=\"18\" height=\"18\" src=\"https:\/\/scholasapientiae.fr\/ss2\/wp-content\/uploads\/2026\/01\/iconPDF.gif\" alt=\"\" class=\"wp-image-743\"\/><\/figure>\n\n\n\n<p>\u00a0<a href=\"https:\/\/scholasapientiae.fr\/ss2\/wp-content\/uploads\/2025\/12\/Annexe-II-Index.pdf\" target=\"_blank\" rel=\"noreferrer noopener\">Annexe 2<\/a><\/p>\n<\/div>\n\n\n\n<h3 class=\"wp-block-heading\">Annexe III &#8211; Liste des principes<\/h3>\n\n\n\n<p>A partir de la hi\u00e9rarchie des sciences donn\u00e9e dans l&rsquo;annexe I, nous avons recens\u00e9 les grandes affirmations, n\u00e9gations et m\u00eame certaines erreurs utilis\u00e9s par nos auteurs.<\/p>\n\n\n\n<div class=\"wp-block-group is-nowrap is-layout-flex wp-container-core-group-is-layout-6c531013 wp-block-group-is-layout-flex\">\n<figure class=\"wp-block-image size-full\"><img loading=\"lazy\" decoding=\"async\" width=\"18\" height=\"18\" src=\"https:\/\/scholasapientiae.fr\/ss2\/wp-content\/uploads\/2026\/01\/iconPDF.gif\" alt=\"\" class=\"wp-image-743\"\/><\/figure>\n\n\n\n<p>\u00a0<a href=\"https:\/\/scholasapientiae.fr\/ss2\/wp-content\/uploads\/2025\/12\/Annexe-II-Index.pdf\" target=\"_blank\" rel=\"noreferrer noopener\">Annexe 3<\/a><\/p>\n<\/div>\n","protected":false},"excerpt":{"rendered":"<p>Annexes de nos ouvrages Lire c&rsquo;est d\u00e9j\u00e0 bien, retenir c&rsquo;est encore mieux! Afin de tirer le meilleur de vos lectures, nous vous proposons des annexes plus compl\u00e8tes de l&rsquo;ensemble de nos ouvrages. Celles-ci sont r\u00e9guli\u00e8rement mises \u00e0 jour. Dans le cadre de nos&nbsp;investigations scolastiques, l&rsquo;ordre de classement suivi n&rsquo;est pas toujours d\u00e9finitif, et nous avons [&hellip;]<\/p>\n","protected":false},"author":1,"featured_media":0,"parent":0,"menu_order":0,"comment_status":"closed","ping_status":"closed","template":"","meta":{"footnotes":""},"class_list":["post-626","page","type-page","status-publish","hentry"],"_hostinger_reach_plugin_has_subscription_block":false,"_hostinger_reach_plugin_is_elementor":false,"jetpack_sharing_enabled":true,"_links":{"self":[{"href":"https:\/\/scholasapientiae.fr\/ss2\/wp-json\/wp\/v2\/pages\/626","targetHints":{"allow":["GET"]}}],"collection":[{"href":"https:\/\/scholasapientiae.fr\/ss2\/wp-json\/wp\/v2\/pages"}],"about":[{"href":"https:\/\/scholasapientiae.fr\/ss2\/wp-json\/wp\/v2\/types\/page"}],"author":[{"embeddable":true,"href":"https:\/\/scholasapientiae.fr\/ss2\/wp-json\/wp\/v2\/users\/1"}],"replies":[{"embeddable":true,"href":"https:\/\/scholasapientiae.fr\/ss2\/wp-json\/wp\/v2\/comments?post=626"}],"version-history":[{"count":4,"href":"https:\/\/scholasapientiae.fr\/ss2\/wp-json\/wp\/v2\/pages\/626\/revisions"}],"predecessor-version":[{"id":745,"href":"https:\/\/scholasapientiae.fr\/ss2\/wp-json\/wp\/v2\/pages\/626\/revisions\/745"}],"wp:attachment":[{"href":"https:\/\/scholasapientiae.fr\/ss2\/wp-json\/wp\/v2\/media?parent=626"}],"curies":[{"name":"wp","href":"https:\/\/api.w.org\/{rel}","templated":true}]}}