{"id":307,"date":"2015-06-18T10:00:26","date_gmt":"2015-06-18T10:00:26","guid":{"rendered":"https:\/\/scholasapientiae.fr\/hostinger\/?post_type=product&#038;p=307"},"modified":"2026-01-05T09:10:15","modified_gmt":"2026-01-05T09:10:15","slug":"perih-4","status":"publish","type":"product","link":"https:\/\/scholasapientiae.fr\/ss2\/product\/perih-4\/","title":{"rendered":"Cahiers scolastiques n\u00b07 (philosophie)"},"content":{"rendered":"<p><em>Num\u00e9ro 7 des Cahiers scolastiques (juin 2015, philosophie)<\/em><\/p>\n<p>Revue publiant et commentant les \u0153uvres de saint Thomas. Ce num\u00e9ro a pour objet la\u00a0<strong>le\u00e7on 4 du livre I du Trait\u00e9 de l&rsquo;interpr\u00e9tation<\/strong> d&rsquo;Aristote, comment\u00e9e par saint Thomas d&rsquo;Aquin.<\/p>\n<p>&nbsp;<\/p>\n<p>Voici le sommaire de ce num\u00e9ro :<\/p>\n<p>\u2022 p. 1 : Cours de philosophie,\u00a0<em>de l&rsquo;\u00e9diteur<\/em><\/p>\n<p>\u2022 p. 3 : Trait\u00e9 de l&rsquo;interpr\u00e9tation d&rsquo;Aristote (Peri Hermenias, livre I, le\u00e7on 4),\u00a0<em>comment\u00e9 par saint Thomas d&rsquo;Aquin<\/em><\/p>\n<p>\u2022 p. 16 : Annexes : index alphab\u00e9tique et liste des principes cit\u00e9s<\/p>\n","protected":false},"excerpt":{"rendered":"<p>Traduction et commentaires du Peri hermenias, livre I, le\u00e7on 4<\/p>\n","protected":false},"featured_media":296,"template":"","meta":[],"product_brand":[],"product_cat":[23],"product_tag":[27,28],"class_list":{"0":"post-307","1":"product","2":"type-product","3":"status-publish","4":"has-post-thumbnail","6":"product_cat-cs","7":"product_tag-logique","8":"product_tag-philosophie","10":"first","11":"onbackorder","12":"shipping-taxable","13":"purchasable","14":"product-type-simple"},"jetpack_sharing_enabled":true,"_links":{"self":[{"href":"https:\/\/scholasapientiae.fr\/ss2\/wp-json\/wp\/v2\/product\/307","targetHints":{"allow":["GET"]}}],"collection":[{"href":"https:\/\/scholasapientiae.fr\/ss2\/wp-json\/wp\/v2\/product"}],"about":[{"href":"https:\/\/scholasapientiae.fr\/ss2\/wp-json\/wp\/v2\/types\/product"}],"wp:featuredmedia":[{"embeddable":true,"href":"https:\/\/scholasapientiae.fr\/ss2\/wp-json\/wp\/v2\/media\/296"}],"wp:attachment":[{"href":"https:\/\/scholasapientiae.fr\/ss2\/wp-json\/wp\/v2\/media?parent=307"}],"wp:term":[{"taxonomy":"product_brand","embeddable":true,"href":"https:\/\/scholasapientiae.fr\/ss2\/wp-json\/wp\/v2\/product_brand?post=307"},{"taxonomy":"product_cat","embeddable":true,"href":"https:\/\/scholasapientiae.fr\/ss2\/wp-json\/wp\/v2\/product_cat?post=307"},{"taxonomy":"product_tag","embeddable":true,"href":"https:\/\/scholasapientiae.fr\/ss2\/wp-json\/wp\/v2\/product_tag?post=307"}],"curies":[{"name":"wp","href":"https:\/\/api.w.org\/{rel}","templated":true}]}}