{"id":325,"date":"2018-06-30T10:42:40","date_gmt":"2018-06-30T10:42:40","guid":{"rendered":"https:\/\/scholasapientiae.fr\/hostinger\/?post_type=product&#038;p=325"},"modified":"2026-01-05T09:32:44","modified_gmt":"2026-01-05T09:32:44","slug":"perih-22","status":"publish","type":"product","link":"https:\/\/scholasapientiae.fr\/ss2\/product\/perih-22\/","title":{"rendered":"Cahiers scolastiques n\u00b043 (philosophie)"},"content":{"rendered":"<p><em>Num\u00e9ro 43 des Cahiers scolastiques (juin 2018, philosophie)<\/em><\/p>\n<p>Revue publiant et commentant les \u0153uvres de saint Thomas. Ce num\u00e9ro a pour objet la\u00a0<strong>le\u00e7on 8 du livre II du Trait\u00e9 de l&rsquo;interpr\u00e9tation<\/strong>\u00a0d&rsquo;Aristote, comment\u00e9e par Cajetan.<\/p>\n<p>&nbsp;<\/p>\n<p>Voici le sommaire de ce num\u00e9ro :<\/p>\n<p>\u2022 p. 1 : Pr\u00e9sentation du texte,\u00a0<em>par le Fr. Pie<\/em><\/p>\n<p>\u2022 p. 2 : Encyclique \u00ab\u00a0Divini Illius Magistri\u00a0\u00bb sur l&rsquo;\u00e9ducation (1929, 3<sup>\u00e8me<\/sup>\u00a0partie),\u00a0<em>de S.S. Pie XI<\/em><\/p>\n<p>\u2022 p. 3 : Trait\u00e9 de l&rsquo;interpr\u00e9tation d&rsquo;Aristote[nbsp](Peri Hermenias, livre II, le\u00e7on 8),\u00a0<em>comment\u00e9 par Cajetan<\/em><\/p>\n<p>\u2022 p. 17 : Annexes : index alphab\u00e9tique et liste des principes cit\u00e9s<\/p>\n","protected":false},"excerpt":{"rendered":"<p>Traduction et commentaires du Peri hermenias, livre II, le\u00e7on 8<\/p>\n","protected":false},"featured_media":286,"template":"","meta":[],"product_brand":[],"product_cat":[23],"product_tag":[30,27,28],"class_list":{"0":"post-325","1":"product","2":"type-product","3":"status-publish","4":"has-post-thumbnail","6":"product_cat-cs","7":"product_tag-education","8":"product_tag-logique","9":"product_tag-philosophie","11":"first","12":"onbackorder","13":"shipping-taxable","14":"purchasable","15":"product-type-simple"},"jetpack_sharing_enabled":true,"_links":{"self":[{"href":"https:\/\/scholasapientiae.fr\/ss2\/wp-json\/wp\/v2\/product\/325","targetHints":{"allow":["GET"]}}],"collection":[{"href":"https:\/\/scholasapientiae.fr\/ss2\/wp-json\/wp\/v2\/product"}],"about":[{"href":"https:\/\/scholasapientiae.fr\/ss2\/wp-json\/wp\/v2\/types\/product"}],"wp:featuredmedia":[{"embeddable":true,"href":"https:\/\/scholasapientiae.fr\/ss2\/wp-json\/wp\/v2\/media\/286"}],"wp:attachment":[{"href":"https:\/\/scholasapientiae.fr\/ss2\/wp-json\/wp\/v2\/media?parent=325"}],"wp:term":[{"taxonomy":"product_brand","embeddable":true,"href":"https:\/\/scholasapientiae.fr\/ss2\/wp-json\/wp\/v2\/product_brand?post=325"},{"taxonomy":"product_cat","embeddable":true,"href":"https:\/\/scholasapientiae.fr\/ss2\/wp-json\/wp\/v2\/product_cat?post=325"},{"taxonomy":"product_tag","embeddable":true,"href":"https:\/\/scholasapientiae.fr\/ss2\/wp-json\/wp\/v2\/product_tag?post=325"}],"curies":[{"name":"wp","href":"https:\/\/api.w.org\/{rel}","templated":true}]}}