{"id":373,"date":"2015-05-23T11:22:47","date_gmt":"2015-05-23T11:22:47","guid":{"rendered":"https:\/\/scholasapientiae.fr\/hostinger\/?post_type=product&#038;p=373"},"modified":"2026-01-05T09:10:12","modified_gmt":"2026-01-05T09:10:12","slug":"sumth-3","status":"publish","type":"product","link":"https:\/\/scholasapientiae.fr\/ss2\/product\/sumth-3\/","title":{"rendered":"Cahiers scolastiques n\u00b06 (th\u00e9ologie)"},"content":{"rendered":"<p><em>Num\u00e9ro 6 des Cahiers scolastiques (mai 2015, th\u00e9ologie)<\/em><\/p>\n<p>Revue publiant et commentant les \u0153uvres de saint Thomas. Ce num\u00e9ro a pour objet la\u00a0<strong>I<sup>a<\/sup> pars, qu. I, art. 3 de la Somme th\u00e9ologique<\/strong>\u00a0de saint Thomas, comment\u00e9e par Cajetan et le RP Garrigou-Lagrange.<\/p>\n<p>&nbsp;<\/p>\n<p>Voici le sommaire de ce num\u00e9ro :<\/p>\n<p>\u2022 p. 1 : Cours de philosophie,[nbsp]<em>de l&rsquo;\u00e9diteur<\/em><\/p>\n<p>\u2022 p. 2 : Annexe 1 : lexique technique<\/p>\n<p>\u2022 p. 3 : Somme th\u00e9ologique de saint Thomas (I<sup>a<\/sup>, qu. I, art. 3),\u00a0<em>comment\u00e9e par Cajetan et le RP Garrigou-Lagrange<\/em><\/p>\n<p>\u2022 p. 17 : Annexes : index alphab\u00e9tique et liste des principes cit\u00e9s<\/p>\n","protected":false},"excerpt":{"rendered":"<p>Traduction et commentaires de la Somme th\u00e9ologique, Ia, qu. I, art. 3<\/p>\n","protected":false},"featured_media":353,"template":"","meta":[],"product_brand":[],"product_cat":[23],"product_tag":[29],"class_list":{"0":"post-373","1":"product","2":"type-product","3":"status-publish","4":"has-post-thumbnail","6":"product_cat-cs","7":"product_tag-theologie","9":"first","10":"onbackorder","11":"shipping-taxable","12":"purchasable","13":"product-type-simple"},"jetpack_sharing_enabled":true,"_links":{"self":[{"href":"https:\/\/scholasapientiae.fr\/ss2\/wp-json\/wp\/v2\/product\/373","targetHints":{"allow":["GET"]}}],"collection":[{"href":"https:\/\/scholasapientiae.fr\/ss2\/wp-json\/wp\/v2\/product"}],"about":[{"href":"https:\/\/scholasapientiae.fr\/ss2\/wp-json\/wp\/v2\/types\/product"}],"wp:featuredmedia":[{"embeddable":true,"href":"https:\/\/scholasapientiae.fr\/ss2\/wp-json\/wp\/v2\/media\/353"}],"wp:attachment":[{"href":"https:\/\/scholasapientiae.fr\/ss2\/wp-json\/wp\/v2\/media?parent=373"}],"wp:term":[{"taxonomy":"product_brand","embeddable":true,"href":"https:\/\/scholasapientiae.fr\/ss2\/wp-json\/wp\/v2\/product_brand?post=373"},{"taxonomy":"product_cat","embeddable":true,"href":"https:\/\/scholasapientiae.fr\/ss2\/wp-json\/wp\/v2\/product_cat?post=373"},{"taxonomy":"product_tag","embeddable":true,"href":"https:\/\/scholasapientiae.fr\/ss2\/wp-json\/wp\/v2\/product_tag?post=373"}],"curies":[{"name":"wp","href":"https:\/\/api.w.org\/{rel}","templated":true}]}}