{"id":404,"date":"2020-09-26T12:21:36","date_gmt":"2020-09-26T12:21:36","guid":{"rendered":"https:\/\/scholasapientiae.fr\/hostinger\/?post_type=product&#038;p=404"},"modified":"2026-01-05T09:50:50","modified_gmt":"2026-01-05T09:50:50","slug":"sumth-34","status":"publish","type":"product","link":"https:\/\/scholasapientiae.fr\/ss2\/product\/sumth-34\/","title":{"rendered":"Cahiers scolastiques n\u00b068 (th\u00e9ologie)"},"content":{"rendered":"<p><em>Num\u00e9ro 68 des Cahiers scolastiques (septembre 2020, th\u00e9ologie)<\/em><\/p>\n<p>Revue publiant et commentant les \u0153uvres de saint Thomas. Ce num\u00e9ro a pour objet la\u00a0<strong>I<sup>a<\/sup> pars, qu. VI, art. 4 de la Somme th\u00e9ologique<\/strong>\u00a0de saint Thomas, comment\u00e9e par Cajetan et le RP Garrigou-Lagrange.<\/p>\n<p>&nbsp;<\/p>\n<p>Voici le sommaire de ce num\u00e9ro :<\/p>\n<p>\u2022 p. 1 : Pr\u00e9sentation du texte,\u00a0<em>par le Fr. Pie<\/em><\/p>\n<p>\u2022 p. 2 : Encyclique \u00ab\u00a0Divini Illius Magistri\u00a0\u00bb sur l&rsquo;\u00e9ducation (1929, 28<sup>\u00e8me<\/sup>\u00a0partie), <em>de S.S. Pie XI<\/em><\/p>\n<p>\u2022 p. 3 : Somme th\u00e9ologique de saint Thomas (I<sup>a<\/sup>, qu. VI, art. 4),\u00a0<em>comment\u00e9e par Cajetan et le RP Garrigou-Lagrange<\/em><\/p>\n<p>\u2022 p. 11 : Annexes : index alphab\u00e9tique et liste des principes cit\u00e9s<\/p>\n","protected":false},"excerpt":{"rendered":"<p>Traduction et commentaires de la Somme th\u00e9ologique, Ia, qu. VI, art. 4<\/p>\n","protected":false},"featured_media":346,"template":"","meta":[],"product_brand":[],"product_cat":[23],"product_tag":[30,29],"class_list":{"0":"post-404","1":"product","2":"type-product","3":"status-publish","4":"has-post-thumbnail","6":"product_cat-cs","7":"product_tag-education","8":"product_tag-theologie","10":"first","11":"onbackorder","12":"shipping-taxable","13":"purchasable","14":"product-type-simple"},"jetpack_sharing_enabled":true,"_links":{"self":[{"href":"https:\/\/scholasapientiae.fr\/ss2\/wp-json\/wp\/v2\/product\/404","targetHints":{"allow":["GET"]}}],"collection":[{"href":"https:\/\/scholasapientiae.fr\/ss2\/wp-json\/wp\/v2\/product"}],"about":[{"href":"https:\/\/scholasapientiae.fr\/ss2\/wp-json\/wp\/v2\/types\/product"}],"wp:featuredmedia":[{"embeddable":true,"href":"https:\/\/scholasapientiae.fr\/ss2\/wp-json\/wp\/v2\/media\/346"}],"wp:attachment":[{"href":"https:\/\/scholasapientiae.fr\/ss2\/wp-json\/wp\/v2\/media?parent=404"}],"wp:term":[{"taxonomy":"product_brand","embeddable":true,"href":"https:\/\/scholasapientiae.fr\/ss2\/wp-json\/wp\/v2\/product_brand?post=404"},{"taxonomy":"product_cat","embeddable":true,"href":"https:\/\/scholasapientiae.fr\/ss2\/wp-json\/wp\/v2\/product_cat?post=404"},{"taxonomy":"product_tag","embeddable":true,"href":"https:\/\/scholasapientiae.fr\/ss2\/wp-json\/wp\/v2\/product_tag?post=404"}],"curies":[{"name":"wp","href":"https:\/\/api.w.org\/{rel}","templated":true}]}}