{"id":430,"date":"2020-02-29T13:05:02","date_gmt":"2020-02-29T13:05:02","guid":{"rendered":"https:\/\/scholasapientiae.fr\/hostinger\/?post_type=product&#038;p=430"},"modified":"2026-01-05T09:46:58","modified_gmt":"2026-01-05T09:46:58","slug":"posta-3","status":"publish","type":"product","link":"https:\/\/scholasapientiae.fr\/ss2\/product\/posta-3\/","title":{"rendered":"Cahiers scolastiques n\u00b061 (philosophie)"},"content":{"rendered":"<p><em>Num\u00e9ro 61 des Cahiers scolastiques (f\u00e9vrier 2020, philosophie)<\/em><\/p>\n<p>Revue publiant et commentant les \u0153uvres de saint Thomas. Ce num\u00e9ro a pour objet la\u00a0<strong>le\u00e7on 3 du livre I du Trait\u00e9 des seconds analytiques <\/strong>d&rsquo;Aristote, comment\u00e9e par saint Thomas d&rsquo;Aquin.<\/p>\n<p>&nbsp;<\/p>\n<p>Voici le sommaire de ce num\u00e9ro :<\/p>\n<p>\u2022 p. 1 : Pr\u00e9sentation du texte,\u00a0<em>par le Fr. Pie<\/em><\/p>\n<p>\u2022 p. 2 : Encyclique \u00ab\u00a0Divini Illius Magistri\u00a0\u00bb sur l&rsquo;\u00e9ducation (1929, 21<sup>\u00e8me<\/sup>\u00a0partie),\u00a0<em>de S.S. Pie XI<\/em><\/p>\n<p>\u2022 p. 3 : Trait\u00e9 des seconds analytiques d&rsquo;Aristote (Post Analyticorum, livre I, le\u00e7on 3), <em>comment\u00e9 par saint Thomas d&rsquo;Aquin<\/em><\/p>\n<p>\u2022 p. 9 : Annexes : index alphab\u00e9tique et liste des principes cit\u00e9s<\/p>\n","protected":false},"excerpt":{"rendered":"<p>Traduction et commentaires des Seconds Analytiques, livre I, le\u00e7on 3<\/p>\n","protected":false},"featured_media":424,"template":"","meta":[],"product_brand":[],"product_cat":[23],"product_tag":[30,27,28],"class_list":{"0":"post-430","1":"product","2":"type-product","3":"status-publish","4":"has-post-thumbnail","6":"product_cat-cs","7":"product_tag-education","8":"product_tag-logique","9":"product_tag-philosophie","11":"first","12":"onbackorder","13":"shipping-taxable","14":"purchasable","15":"product-type-simple"},"jetpack_sharing_enabled":true,"_links":{"self":[{"href":"https:\/\/scholasapientiae.fr\/ss2\/wp-json\/wp\/v2\/product\/430","targetHints":{"allow":["GET"]}}],"collection":[{"href":"https:\/\/scholasapientiae.fr\/ss2\/wp-json\/wp\/v2\/product"}],"about":[{"href":"https:\/\/scholasapientiae.fr\/ss2\/wp-json\/wp\/v2\/types\/product"}],"wp:featuredmedia":[{"embeddable":true,"href":"https:\/\/scholasapientiae.fr\/ss2\/wp-json\/wp\/v2\/media\/424"}],"wp:attachment":[{"href":"https:\/\/scholasapientiae.fr\/ss2\/wp-json\/wp\/v2\/media?parent=430"}],"wp:term":[{"taxonomy":"product_brand","embeddable":true,"href":"https:\/\/scholasapientiae.fr\/ss2\/wp-json\/wp\/v2\/product_brand?post=430"},{"taxonomy":"product_cat","embeddable":true,"href":"https:\/\/scholasapientiae.fr\/ss2\/wp-json\/wp\/v2\/product_cat?post=430"},{"taxonomy":"product_tag","embeddable":true,"href":"https:\/\/scholasapientiae.fr\/ss2\/wp-json\/wp\/v2\/product_tag?post=430"}],"curies":[{"name":"wp","href":"https:\/\/api.w.org\/{rel}","templated":true}]}}