{"id":440,"date":"2019-11-15T13:22:53","date_gmt":"2019-11-15T13:22:53","guid":{"rendered":"https:\/\/scholasapientiae.fr\/hostinger\/?post_type=product&#038;p=440"},"modified":"2026-01-05T10:06:42","modified_gmt":"2026-01-05T10:06:42","slug":"hs-1","status":"publish","type":"product","link":"https:\/\/scholasapientiae.fr\/ss2\/product\/hs-1\/","title":{"rendered":"Somme Th\u00e9ologique &#8211; Tome I : De Deo Uno I"},"content":{"rendered":"<p>La Somme Th\u00e9ologique, l&rsquo;ouvrage phare de saint Thomas, est devenue la r\u00e9f\u00e9rence en la mati\u00e8re. La traduction du Fr. Pie que nous proposons ici pr\u00e9sente avantageusement le texte latin et fran\u00e7ais sous leur forme logique. Il l&rsquo;accompagne en outre de brefs commentaires afin d&rsquo;apporter les \u00e9claircissements n\u00e9cessaires pour les d\u00e9butants en th\u00e9ologie. Chacun pourra d&rsquo;ailleurs se faire une id\u00e9e pr\u00e9cise sur la valeur de cette traduction \u00e0 l&rsquo;aide de l&rsquo;extrait ci-dessous.<\/p>\n<p>En ce premier tome, le Docteur ang\u00e9lique traite des attributs de Dieu, et tout sp\u00e9cialement de l&rsquo;existence de Dieu. Question crucial en une \u00e9poque qui comme la n\u00f4tre &#8211; la seule \u00e0 notre connaissance &#8211; a fait v\u0153ux officiel de \u00ab\u00a0la\u00efcit\u00e9\u00a0\u00bb.<\/p>\n<p>Suivant le d\u00e9coupage initi\u00e9 par la revue des jeunes dans les ann\u00e9es 1920, cette premi\u00e8re partie du <em>De Deo Uno<\/em> renferme les questions I \u00e0 XI de la\u00a0<em>prima pars<\/em>.<\/p>\n<p><a href=\"https:\/\/scholasapientiae.fr\/ss2\/wp-content\/uploads\/2025\/11\/SS-De-Deo-Uno-I-Extrait.pdf\">Visualiser un extrait ici<\/a><\/p>\n","protected":false},"excerpt":{"rendered":"<p>Traduction et commentaires de la Somme th\u00e9ologique par le Fr\u00e8re Pie, comprenant les qu. I \u00e0 XI de la <em>prima pars<\/em>.<\/p>\n","protected":false},"featured_media":659,"template":"","meta":[],"product_brand":[],"product_cat":[25,26],"product_tag":[29],"class_list":{"0":"post-440","1":"product","2":"type-product","3":"status-publish","4":"has-post-thumbnail","6":"product_cat-livres","7":"product_cat-ouvrages-en-francais","8":"product_tag-theologie","10":"first","11":"instock","12":"sale","13":"shipping-taxable","14":"purchasable","15":"product-type-simple"},"jetpack_sharing_enabled":true,"_links":{"self":[{"href":"https:\/\/scholasapientiae.fr\/ss2\/wp-json\/wp\/v2\/product\/440","targetHints":{"allow":["GET"]}}],"collection":[{"href":"https:\/\/scholasapientiae.fr\/ss2\/wp-json\/wp\/v2\/product"}],"about":[{"href":"https:\/\/scholasapientiae.fr\/ss2\/wp-json\/wp\/v2\/types\/product"}],"wp:featuredmedia":[{"embeddable":true,"href":"https:\/\/scholasapientiae.fr\/ss2\/wp-json\/wp\/v2\/media\/659"}],"wp:attachment":[{"href":"https:\/\/scholasapientiae.fr\/ss2\/wp-json\/wp\/v2\/media?parent=440"}],"wp:term":[{"taxonomy":"product_brand","embeddable":true,"href":"https:\/\/scholasapientiae.fr\/ss2\/wp-json\/wp\/v2\/product_brand?post=440"},{"taxonomy":"product_cat","embeddable":true,"href":"https:\/\/scholasapientiae.fr\/ss2\/wp-json\/wp\/v2\/product_cat?post=440"},{"taxonomy":"product_tag","embeddable":true,"href":"https:\/\/scholasapientiae.fr\/ss2\/wp-json\/wp\/v2\/product_tag?post=440"}],"curies":[{"name":"wp","href":"https:\/\/api.w.org\/{rel}","templated":true}]}}