{"id":560,"date":"2025-11-22T20:15:39","date_gmt":"2025-11-22T20:15:39","guid":{"rendered":"https:\/\/scholasapientiae.fr\/ss2\/?post_type=product&#038;p=560"},"modified":"2026-03-10T19:00:02","modified_gmt":"2026-03-10T19:00:02","slug":"casus-1","status":"publish","type":"product","link":"https:\/\/scholasapientiae.fr\/ss2\/product\/casus-1\/","title":{"rendered":"Cahiers scolastiques n\u00b078 (psychologie)"},"content":{"rendered":"<p><em>Num\u00e9ro 78 des Cahiers scolastiques (novembre 2025, psychologie)<\/em><\/p>\n<p>Revue d&rsquo;\u00e9tude des \u0153uvres de saint Thomas. Ce num\u00e9ro a pour objet la <b>notion d&rsquo;app\u00e9tit<\/b>.<\/p>\n<p>&nbsp;<\/p>\n<p>Voici le sommaire de ce num\u00e9ro :<\/p>\n<p>\u2022 p. 1 : L&rsquo;app\u00e9tit, une inclination commune \u00e0 tout \u00eatre, <em>par le Fr. Pie<\/em><\/p>\n<p>\u2022 p. 4 : Somme th\u00e9ologique (Ia, qu. LXXX, art. 1), <em>par saint Thomas d&rsquo;Aquin, comment\u00e9 par Cajetan et le Fr. Pie<\/em><\/p>\n<p>\u2022 p. 11 : Trait\u00e9 sur l&rsquo;\u00e2me (Livre II, le\u00e7on 5), <em>par Aristote, comment\u00e9 par saint Thomas d&rsquo;Aquin<\/em><\/p>\n<p>\u2022 p. 23 : Annexes : index alphab\u00e9tique et liste des principes cit\u00e9s<\/p>\n<p>&nbsp;<\/p>\n<p><img loading=\"lazy\" decoding=\"async\" class=\"alignnone size-full wp-image-743\" src=\"https:\/\/scholasapientiae.fr\/ss2\/wp-content\/uploads\/2026\/01\/iconPDF.gif\" alt=\"\" width=\"18\" height=\"18\" \/> <a href=\"https:\/\/scholasapientiae.fr\/ss2\/wp-content\/uploads\/2025\/11\/20250822-CahSc-CASUS-1-1.pdf\">T\u00e9l\u00e9charger la version pdf<\/a><\/p>\n","protected":false},"excerpt":{"rendered":"<p>Etude de la notion d&rsquo;app\u00e9tit<\/p>\n","protected":false},"featured_media":561,"template":"","meta":[],"product_brand":[],"product_cat":[23],"product_tag":[28,38],"class_list":{"0":"post-560","1":"product","2":"type-product","3":"status-publish","4":"has-post-thumbnail","6":"product_cat-cs","7":"product_tag-philosophie","8":"product_tag-psychologie","10":"first","11":"onbackorder","12":"shipping-taxable","13":"purchasable","14":"product-type-simple"},"jetpack_sharing_enabled":true,"_links":{"self":[{"href":"https:\/\/scholasapientiae.fr\/ss2\/wp-json\/wp\/v2\/product\/560","targetHints":{"allow":["GET"]}}],"collection":[{"href":"https:\/\/scholasapientiae.fr\/ss2\/wp-json\/wp\/v2\/product"}],"about":[{"href":"https:\/\/scholasapientiae.fr\/ss2\/wp-json\/wp\/v2\/types\/product"}],"wp:featuredmedia":[{"embeddable":true,"href":"https:\/\/scholasapientiae.fr\/ss2\/wp-json\/wp\/v2\/media\/561"}],"wp:attachment":[{"href":"https:\/\/scholasapientiae.fr\/ss2\/wp-json\/wp\/v2\/media?parent=560"}],"wp:term":[{"taxonomy":"product_brand","embeddable":true,"href":"https:\/\/scholasapientiae.fr\/ss2\/wp-json\/wp\/v2\/product_brand?post=560"},{"taxonomy":"product_cat","embeddable":true,"href":"https:\/\/scholasapientiae.fr\/ss2\/wp-json\/wp\/v2\/product_cat?post=560"},{"taxonomy":"product_tag","embeddable":true,"href":"https:\/\/scholasapientiae.fr\/ss2\/wp-json\/wp\/v2\/product_tag?post=560"}],"curies":[{"name":"wp","href":"https:\/\/api.w.org\/{rel}","templated":true}]}}