{"id":633,"date":"2025-09-19T15:30:33","date_gmt":"2025-09-19T15:30:33","guid":{"rendered":"https:\/\/scholasapientiae.fr\/ss2\/?post_type=product&#038;p=633"},"modified":"2026-01-05T10:11:03","modified_gmt":"2026-01-05T10:11:03","slug":"jt-1","status":"publish","type":"product","link":"https:\/\/scholasapientiae.fr\/ss2\/product\/jt-1\/","title":{"rendered":"Cursus philosophicus thomisticus &#8211; Tome I : Logica (Jean de saint Thomas O.P.)"},"content":{"rendered":"<p>Le style de Jean de saint Thomas pourra sembler d\u00e9routant \u00e0 ceux qui se seront d\u00e9j\u00e0 initi\u00e9s \u00e0 la philosophie thomiste, en lisant quelque auteur du XX\u00e8me si\u00e8cle. Il n&rsquo;en est pas moins fid\u00e8le \u00e0 l&rsquo;esprit du saint Docteur, malgr\u00e9, il faut bien l&rsquo;avouer, quelques opinions personnelles qui demeurent sujets \u00e0 caution.<\/p>\n<p>C&rsquo;est dans la logique et la cosmologie que semble surtout avoir excell\u00e9 l&rsquo;interpr\u00e8te portugais. Avec ce premier tome de son cours de philosophie thomiste, le lecteur trouvera mati\u00e8re \u00e0 creuser plus profond\u00e9ment la doctrine p\u00e9ripat\u00e9ticienne laiss\u00e9e par l&rsquo;Age m\u00e9di\u00e9val.<\/p>\n<p><strong style=\"color: #bf1515;\"><span style=\"text-decoration: underline;\"><em>Nota bene :<\/em><\/span> Cet ouvrage est r\u00e9dig\u00e9 enti\u00e8rement en latin, et n&rsquo;inclut aucune traduction en fran\u00e7ais. Tous nos ouvrages publi\u00e9s exclusivement en latin (couverture verte) sont imprim\u00e9s \u00e0 la demande, avec pour effet in\u00e9vitable de rallonger les d\u00e9lais de livraison.<\/strong><\/p>\n<p><a href=\"https:\/\/scholasapientiae.fr\/ss2\/wp-content\/uploads\/2026\/01\/SS-Joannis-a-St-Thoma-Cursus-philosophicus-thomisticus-I-Extrait.pdf\">Visualiser un extrait ici<\/a><\/p>\n","protected":false},"excerpt":{"rendered":"<p>Premier tome du cours de philosophie thomiste de Jean de saint Thomas O.P.<\/p>\n<p>Cet ouvrage est r\u00e9dig\u00e9 enti\u00e8rement en latin, sans traduction fran\u00e7aise.<\/p>\n","protected":false},"featured_media":634,"template":"","meta":[],"product_brand":[],"product_cat":[25,24],"product_tag":[27],"class_list":{"0":"post-633","1":"product","2":"type-product","3":"status-publish","4":"has-post-thumbnail","6":"product_cat-livres","7":"product_cat-la","8":"product_tag-logique","10":"first","11":"instock","12":"sale","13":"shipping-taxable","14":"purchasable","15":"product-type-simple"},"jetpack_sharing_enabled":true,"_links":{"self":[{"href":"https:\/\/scholasapientiae.fr\/ss2\/wp-json\/wp\/v2\/product\/633","targetHints":{"allow":["GET"]}}],"collection":[{"href":"https:\/\/scholasapientiae.fr\/ss2\/wp-json\/wp\/v2\/product"}],"about":[{"href":"https:\/\/scholasapientiae.fr\/ss2\/wp-json\/wp\/v2\/types\/product"}],"wp:featuredmedia":[{"embeddable":true,"href":"https:\/\/scholasapientiae.fr\/ss2\/wp-json\/wp\/v2\/media\/634"}],"wp:attachment":[{"href":"https:\/\/scholasapientiae.fr\/ss2\/wp-json\/wp\/v2\/media?parent=633"}],"wp:term":[{"taxonomy":"product_brand","embeddable":true,"href":"https:\/\/scholasapientiae.fr\/ss2\/wp-json\/wp\/v2\/product_brand?post=633"},{"taxonomy":"product_cat","embeddable":true,"href":"https:\/\/scholasapientiae.fr\/ss2\/wp-json\/wp\/v2\/product_cat?post=633"},{"taxonomy":"product_tag","embeddable":true,"href":"https:\/\/scholasapientiae.fr\/ss2\/wp-json\/wp\/v2\/product_tag?post=633"}],"curies":[{"name":"wp","href":"https:\/\/api.w.org\/{rel}","templated":true}]}}