{"id":647,"date":"2025-09-21T16:19:50","date_gmt":"2025-09-21T16:19:50","guid":{"rendered":"https:\/\/scholasapientiae.fr\/ss2\/?post_type=product&#038;p=647"},"modified":"2026-01-05T10:11:23","modified_gmt":"2026-01-05T10:11:23","slug":"gl-3","status":"publish","type":"product","link":"https:\/\/scholasapientiae.fr\/ss2\/product\/gl-3\/","title":{"rendered":"Commentarium in Summa Theologica &#8211; Tome III : De Beatitudine et Actibus Humanis (Garrigou-Lagrange O.P.)"},"content":{"rendered":"<p>Bien que saint Thomas ait destin\u00e9 sa Somme th\u00e9ologique \u00ab\u00a0<em>aux d\u00e9butants<\/em>\u00a0\u00bb selon ses propres mots,\u00a0il est souvent utile et en tout cas certainement conseill\u00e9 d&rsquo;y adjoindre les explications de l&rsquo;un de ses nombreux commentateurs.<\/p>\n<p>Sur ce terrain, les cours du RP Garrigou-Lagrange, professeur domincain \u00e0 l&rsquo;<em>Angelicus<\/em>\u00a0(la plus grande facult\u00e9 romaine de th\u00e9ologie),\u00a0s&rsquo;en av\u00e8re un excellent. Dans un latin tr\u00e8s accessible puisque tr\u00e8s contemporain, il nous\u00a0\u00e9claire les quelques difficult\u00e9s que pourrait \u00e9veiller la lecture de la <em>Somme th\u00e9ologique<\/em> du Docteur commun.<\/p>\n<p>Cet ouvrage comprend les commentaires latins de la\u00a0I<sup>a<\/sup> pars II<sup>\u00e6<\/sup> partis, qu. I \u00e0 LIV de la <em>Somme th\u00e9ologique<\/em>. Comme le nom l&rsquo;indique, il s&rsquo;agit des questions consacr\u00e9es \u00e0 l&rsquo;\u00e9tude de la B\u00e9atitude (soit la fin de l&rsquo;homme) et des Actes humains (soit des moyens \u00e0 notre disposition pour atteindre cette fin).<\/p>\n<p><strong style=\"color: #bf1515;\"><span style=\"text-decoration: underline;\"><em>Nota bene :<\/em><\/span> Cet ouvrage est r\u00e9dig\u00e9 enti\u00e8rement en latin, et n&rsquo;inclut aucune traduction en fran\u00e7ais. Tous nos ouvrages publi\u00e9s exclusivement en latin (couverture verte) sont imprim\u00e9s \u00e0 la demande, avec pour effet in\u00e9vitable de rallonger les d\u00e9lais de livraison.<\/strong><\/p>\n<p><a href=\"https:\/\/scholasapientiae.fr\/ss2\/wp-content\/uploads\/2026\/01\/SS-GL-ST-3-De-Beatitudine-et-Actibus-humanis-Extrait.pdf\">Visualiser un extrait ici<\/a><\/p>\n","protected":false},"excerpt":{"rendered":"<p>Troisi\u00e8me tome du commentaire de la Somme Th\u00e9ologique du RP Garrigou-Lagrange O.P.<\/p>\n<p>Cet ouvrage est r\u00e9dig\u00e9 enti\u00e8rement en latin, sans traduction fran\u00e7aise.<\/p>\n","protected":false},"featured_media":648,"template":"","meta":[],"product_brand":[],"product_cat":[25,24],"product_tag":[29],"class_list":{"0":"post-647","1":"product","2":"type-product","3":"status-publish","4":"has-post-thumbnail","6":"product_cat-livres","7":"product_cat-la","8":"product_tag-theologie","10":"first","11":"onbackorder","12":"sale","13":"shipping-taxable","14":"purchasable","15":"product-type-simple"},"jetpack_sharing_enabled":true,"_links":{"self":[{"href":"https:\/\/scholasapientiae.fr\/ss2\/wp-json\/wp\/v2\/product\/647","targetHints":{"allow":["GET"]}}],"collection":[{"href":"https:\/\/scholasapientiae.fr\/ss2\/wp-json\/wp\/v2\/product"}],"about":[{"href":"https:\/\/scholasapientiae.fr\/ss2\/wp-json\/wp\/v2\/types\/product"}],"wp:featuredmedia":[{"embeddable":true,"href":"https:\/\/scholasapientiae.fr\/ss2\/wp-json\/wp\/v2\/media\/648"}],"wp:attachment":[{"href":"https:\/\/scholasapientiae.fr\/ss2\/wp-json\/wp\/v2\/media?parent=647"}],"wp:term":[{"taxonomy":"product_brand","embeddable":true,"href":"https:\/\/scholasapientiae.fr\/ss2\/wp-json\/wp\/v2\/product_brand?post=647"},{"taxonomy":"product_cat","embeddable":true,"href":"https:\/\/scholasapientiae.fr\/ss2\/wp-json\/wp\/v2\/product_cat?post=647"},{"taxonomy":"product_tag","embeddable":true,"href":"https:\/\/scholasapientiae.fr\/ss2\/wp-json\/wp\/v2\/product_tag?post=647"}],"curies":[{"name":"wp","href":"https:\/\/api.w.org\/{rel}","templated":true}]}}