{"id":652,"date":"2023-02-10T17:33:05","date_gmt":"2023-02-10T17:33:05","guid":{"rendered":"https:\/\/scholasapientiae.fr\/ss2\/?post_type=product&#038;p=652"},"modified":"2026-01-05T10:08:43","modified_gmt":"2026-01-05T10:08:43","slug":"oo-4","status":"publish","type":"product","link":"https:\/\/scholasapientiae.fr\/ss2\/product\/oo-4\/","title":{"rendered":"Opera omnia Sancti Thom\u00e6 Aquinatis &#8211; Tome IV : Summa Theologia cum commentariis Cajetani, Ia pars, qu. I ad XLIX"},"content":{"rendered":"<p>Un long travail d&rsquo;\u00e9dition de toutes les \u0153uvres de saint Thomas d&rsquo;Aquin fut entrepris \u00e0 la demande du pape L\u00e9on XIII au XIX<sup>\u00e8me<\/sup>\u00a0si\u00e8cle, et publi\u00e9 sous le nom d&rsquo;<em>\u00e9dition l\u00e9onine<\/em>. Ce travail, toujours inachev\u00e9 \u00e0 ce jour, a pour quatri\u00e8me tome la I<sup>a<\/sup> pars de la Somme th\u00e9ologique de l&rsquo;Aquiniste (qu. I \u00e0 XLIX), augment\u00e9e des commentaires de Cajetan.<\/p>\n<p>Dans ses commentaires, le cardinal Cajetan s&rsquo;est appliqu\u00e9 surtout \u00e0 d\u00e9finir les termes techniques de la philosophie, et \u00e0 poser les distinctions n\u00e9cessaires pour r\u00e9futer les premiers contradicteurs du Docteur ang\u00e9lique (Scot, Durand, etc).<\/p>\n<p>Nous avons conserv\u00e9 au texte de l&rsquo;\u00e9dition l\u00e9onine, les seules notes \u00e0 caract\u00e8re philosophique (cf. l&rsquo;extrait ci-dessous).<\/p>\n<p><strong style=\"color: #bf1515;\"><span style=\"text-decoration: underline;\"><em>Nota bene :<\/em><\/span> Cet ouvrage est r\u00e9dig\u00e9 enti\u00e8rement en latin et grec, et n&rsquo;inclut aucune traduction en fran\u00e7ais. Tous nos ouvrages publi\u00e9s exclusivement en latin (couverture verte) sont imprim\u00e9s \u00e0 la demande, avec pour effet in\u00e9vitable de rallonger les d\u00e9lais de livraison.<\/strong><\/p>\n<p><a href=\"https:\/\/scholasapientiae.fr\/ss2\/wp-content\/uploads\/2026\/01\/SS-St-Thomas-Aq-Opera-Omnia-4-Extrait.pdf\">Visualiser un extrait ici<\/a><\/p>\n","protected":false},"excerpt":{"rendered":"<p>Quatri\u00e8me tome des \u0153uvres compl\u00e8tes de saint Thomas d&rsquo;Aquin O.P, consacr\u00e9 \u00e0 la Somme th\u00e9ologique (I<sup>a<\/sup> pars, qu. I \u00e0 XLIX),<\/p>\n<p>Cet ouvrage est exclusivement r\u00e9dig\u00e9 en latin, sans traduction fran\u00e7aise.<\/p>\n","protected":false},"featured_media":653,"template":"","meta":[],"product_brand":[],"product_cat":[25,24],"product_tag":[29],"class_list":{"0":"post-652","1":"product","2":"type-product","3":"status-publish","4":"has-post-thumbnail","6":"product_cat-livres","7":"product_cat-la","8":"product_tag-theologie","10":"first","11":"onbackorder","12":"sale","13":"shipping-taxable","14":"purchasable","15":"product-type-simple"},"jetpack_sharing_enabled":true,"_links":{"self":[{"href":"https:\/\/scholasapientiae.fr\/ss2\/wp-json\/wp\/v2\/product\/652","targetHints":{"allow":["GET"]}}],"collection":[{"href":"https:\/\/scholasapientiae.fr\/ss2\/wp-json\/wp\/v2\/product"}],"about":[{"href":"https:\/\/scholasapientiae.fr\/ss2\/wp-json\/wp\/v2\/types\/product"}],"wp:featuredmedia":[{"embeddable":true,"href":"https:\/\/scholasapientiae.fr\/ss2\/wp-json\/wp\/v2\/media\/653"}],"wp:attachment":[{"href":"https:\/\/scholasapientiae.fr\/ss2\/wp-json\/wp\/v2\/media?parent=652"}],"wp:term":[{"taxonomy":"product_brand","embeddable":true,"href":"https:\/\/scholasapientiae.fr\/ss2\/wp-json\/wp\/v2\/product_brand?post=652"},{"taxonomy":"product_cat","embeddable":true,"href":"https:\/\/scholasapientiae.fr\/ss2\/wp-json\/wp\/v2\/product_cat?post=652"},{"taxonomy":"product_tag","embeddable":true,"href":"https:\/\/scholasapientiae.fr\/ss2\/wp-json\/wp\/v2\/product_tag?post=652"}],"curies":[{"name":"wp","href":"https:\/\/api.w.org\/{rel}","templated":true}]}}