{"id":656,"date":"2022-04-08T17:50:39","date_gmt":"2022-04-08T17:50:39","guid":{"rendered":"https:\/\/scholasapientiae.fr\/ss2\/?post_type=product&#038;p=656"},"modified":"2026-01-05T10:07:06","modified_gmt":"2026-01-05T10:07:06","slug":"hs-2","status":"publish","type":"product","link":"https:\/\/scholasapientiae.fr\/ss2\/product\/hs-2\/","title":{"rendered":"Somme Th\u00e9ologique &#8211; Tome I : De Deo Uno II"},"content":{"rendered":"<p>La Somme Th\u00e9ologique, l&rsquo;ouvrage phare de saint Thomas, est devenue la r\u00e9f\u00e9rence en la mati\u00e8re. La traduction du Fr. Pie que nous proposons ici pr\u00e9sente avantageusement le texte latin et fran\u00e7ais sous leur forme logique. Il l&rsquo;accompagne en outre de brefs commentaires afin d&rsquo;apporter les \u00e9claircissements n\u00e9cessaires pour les d\u00e9butants en th\u00e9ologie. Chacun pourra d&rsquo;ailleurs se faire une id\u00e9e pr\u00e9cise sur la valeur de cette traduction \u00e0 l&rsquo;aide de l&rsquo;extrait ci-dessous.<\/p>\n<p>En ce deuxi\u00e8me tome, le Docteur ang\u00e9lique traite de l&rsquo;intellect divin, et de notre mani\u00e8re de conna\u00eetre puis de d\u00e9signer Dieu.<\/p>\n<p>Suivant le d\u00e9coupage initi\u00e9 par la revue des jeunes dans les ann\u00e9es 1920, cette deuxi\u00e8me partie du <em>De Deo Uno<\/em> renferme les questions XII \u00e0 XVII de la <em>prima pars<\/em>.<\/p>\n<p><a href=\"https:\/\/scholasapientiae.fr\/ss2\/wp-content\/uploads\/2026\/01\/SS-De-Deo-Uno-II-Extrait.pdf\">Visualiser un extrait ici<\/a><\/p>\n","protected":false},"excerpt":{"rendered":"<p>Traduction et commentaires de la Somme th\u00e9ologique par le Fr\u00e8re Pie, comprenant les qu. XII \u00e0 XVII de la <em>prima pars<\/em>.<\/p>\n","protected":false},"featured_media":657,"template":"","meta":[],"product_brand":[],"product_cat":[25,26],"product_tag":[29],"class_list":{"0":"post-656","1":"product","2":"type-product","3":"status-publish","4":"has-post-thumbnail","6":"product_cat-livres","7":"product_cat-ouvrages-en-francais","8":"product_tag-theologie","10":"first","11":"instock","12":"sale","13":"shipping-taxable","14":"purchasable","15":"product-type-simple"},"jetpack_sharing_enabled":true,"_links":{"self":[{"href":"https:\/\/scholasapientiae.fr\/ss2\/wp-json\/wp\/v2\/product\/656","targetHints":{"allow":["GET"]}}],"collection":[{"href":"https:\/\/scholasapientiae.fr\/ss2\/wp-json\/wp\/v2\/product"}],"about":[{"href":"https:\/\/scholasapientiae.fr\/ss2\/wp-json\/wp\/v2\/types\/product"}],"wp:featuredmedia":[{"embeddable":true,"href":"https:\/\/scholasapientiae.fr\/ss2\/wp-json\/wp\/v2\/media\/657"}],"wp:attachment":[{"href":"https:\/\/scholasapientiae.fr\/ss2\/wp-json\/wp\/v2\/media?parent=656"}],"wp:term":[{"taxonomy":"product_brand","embeddable":true,"href":"https:\/\/scholasapientiae.fr\/ss2\/wp-json\/wp\/v2\/product_brand?post=656"},{"taxonomy":"product_cat","embeddable":true,"href":"https:\/\/scholasapientiae.fr\/ss2\/wp-json\/wp\/v2\/product_cat?post=656"},{"taxonomy":"product_tag","embeddable":true,"href":"https:\/\/scholasapientiae.fr\/ss2\/wp-json\/wp\/v2\/product_tag?post=656"}],"curies":[{"name":"wp","href":"https:\/\/api.w.org\/{rel}","templated":true}]}}