{"id":752,"date":"2026-03-07T18:47:40","date_gmt":"2026-03-07T18:47:40","guid":{"rendered":"https:\/\/scholasapientiae.fr\/ss2\/?post_type=product&#038;p=752"},"modified":"2026-03-10T18:58:55","modified_gmt":"2026-03-10T18:58:55","slug":"casus-2","status":"publish","type":"product","link":"https:\/\/scholasapientiae.fr\/ss2\/product\/casus-2\/","title":{"rendered":"Cahiers scolastiques n\u00b079 (monastique)"},"content":{"rendered":"<p><em>Num\u00e9ro 79 des Cahiers scolastiques (mars 2026, monastique)<\/em><\/p>\n<p>Revue d&rsquo;\u00e9tude des \u0153uvres de saint Thomas. Ce num\u00e9ro a pour objet la <b>notion d&rsquo;art<\/b>.<\/p>\n<p>&nbsp;<\/p>\n<p>Voici le sommaire de ce num\u00e9ro :<\/p>\n<p>\u2022 p. 1 : L&rsquo;art, une vertu intellectuelle, <em>par le Fr. Pie<\/em><\/p>\n<p>\u2022 p. 4 : Somme th\u00e9ologique (Ia II\u00e6, qu. LVII, art. 3), <em>par saint Thomas d&rsquo;Aquin, comment\u00e9 par Cajetan et le Fr. Pie<\/em><\/p>\n<p>\u2022 p. 9 : Trait\u00e9 sur les vertus (qu. I, art. 7), <em>par saint Thomas d&rsquo;Aquin<\/em><\/p>\n<p>\u2022 p. 17 : Trait\u00e9 d&rsquo;\u00e9thique (Livre VI, le\u00e7on 3), <em>par Aristote, comment\u00e9 par saint Thomas d&rsquo;Aquin<\/em><\/p>\n<p>\u2022 p. 28 : Annexes : index alphab\u00e9tique et liste des principes cit\u00e9s<\/p>\n<p>&nbsp;<\/p>\n<p><img loading=\"lazy\" decoding=\"async\" class=\"alignnone size-full wp-image-743\" src=\"https:\/\/scholasapientiae.fr\/ss2\/wp-content\/uploads\/2026\/01\/iconPDF.gif\" alt=\"\" width=\"18\" height=\"18\" \/> <a href=\"https:\/\/scholasapientiae.fr\/ss2\/wp-content\/uploads\/2026\/03\/20260307-CahSc-CASUS-2.pdf\">T\u00e9l\u00e9charger la version pdf<\/a><\/p>\n","protected":false},"excerpt":{"rendered":"<p>Etude de la notion d&rsquo;art<\/p>\n","protected":false},"featured_media":751,"template":"","meta":[],"product_brand":[],"product_cat":[23],"product_tag":[42,28],"class_list":{"0":"post-752","1":"product","2":"type-product","3":"status-publish","4":"has-post-thumbnail","6":"product_cat-cs","7":"product_tag-monastique","8":"product_tag-philosophie","10":"first","11":"onbackorder","12":"shipping-taxable","13":"purchasable","14":"product-type-simple"},"jetpack_sharing_enabled":true,"_links":{"self":[{"href":"https:\/\/scholasapientiae.fr\/ss2\/wp-json\/wp\/v2\/product\/752","targetHints":{"allow":["GET"]}}],"collection":[{"href":"https:\/\/scholasapientiae.fr\/ss2\/wp-json\/wp\/v2\/product"}],"about":[{"href":"https:\/\/scholasapientiae.fr\/ss2\/wp-json\/wp\/v2\/types\/product"}],"wp:featuredmedia":[{"embeddable":true,"href":"https:\/\/scholasapientiae.fr\/ss2\/wp-json\/wp\/v2\/media\/751"}],"wp:attachment":[{"href":"https:\/\/scholasapientiae.fr\/ss2\/wp-json\/wp\/v2\/media?parent=752"}],"wp:term":[{"taxonomy":"product_brand","embeddable":true,"href":"https:\/\/scholasapientiae.fr\/ss2\/wp-json\/wp\/v2\/product_brand?post=752"},{"taxonomy":"product_cat","embeddable":true,"href":"https:\/\/scholasapientiae.fr\/ss2\/wp-json\/wp\/v2\/product_cat?post=752"},{"taxonomy":"product_tag","embeddable":true,"href":"https:\/\/scholasapientiae.fr\/ss2\/wp-json\/wp\/v2\/product_tag?post=752"}],"curies":[{"name":"wp","href":"https:\/\/api.w.org\/{rel}","templated":true}]}}